{"id":1054,"date":"2018-03-20T08:45:31","date_gmt":"2018-03-20T07:45:31","guid":{"rendered":"https:\/\/laretive.info\/?page_id=1054"},"modified":"2018-03-20T08:45:31","modified_gmt":"2018-03-20T07:45:31","slug":"decembre-2017","status":"publish","type":"page","link":"https:\/\/laretive.info\/?page_id=1054","title":{"rendered":"D\u00e9cembre 2017"},"content":{"rendered":"\n\n\t<ul  class=\"eo-events eo-events-shortcode\" > \n\n\t\t\n\t\t\t\n\t\t\t<li class=\"eo-event-cat-luttes-sociales eo-event-cat-theories-politiques eo-event-past\" >\n\t\t\t\t<a href=\"https:\/\/laretive.info\/?event=discussion-critique-du-capitalisme-ou-politique-de-lidentite-confusions-theoriques-impasses-strategiques-perspectives-emancipatrices\">Discussion &#8211; Critique du capitalisme ou politique de l&rsquo;identit\u00e9 ? Confusions th\u00e9oriques, impasses strat\u00e9giques, perspectives \u00e9mancipatrices.<\/a> le 2 d\u00e9cembre 2017 19h00\t\t\t<\/li>\n\n\t\t\n\t\t\t\n\t\t\t<li class=\"eo-event-cat-cine-club eo-event-past eo-multi-day\" >\n\t\t\t\t<a href=\"https:\/\/laretive.info\/?event=cine-club-stonewall\">Cin\u00e9-club : Stonewall<\/a> le 29 d\u00e9cembre 2017 19h30\t\t\t<\/li>\n\n\t\t\n\t<\/ul>\n\n\n","protected":false},"excerpt":{"rendered":"","protected":false},"author":2,"featured_media":0,"parent":779,"menu_order":0,"comment_status":"closed","ping_status":"closed","template":"","meta":{"footnotes":""},"class_list":["post-1054","page","type-page","status-publish","hentry"],"_links":{"self":[{"href":"https:\/\/laretive.info\/index.php?rest_route=\/wp\/v2\/pages\/1054","targetHints":{"allow":["GET"]}}],"collection":[{"href":"https:\/\/laretive.info\/index.php?rest_route=\/wp\/v2\/pages"}],"about":[{"href":"https:\/\/laretive.info\/index.php?rest_route=\/wp\/v2\/types\/page"}],"author":[{"embeddable":true,"href":"https:\/\/laretive.info\/index.php?rest_route=\/wp\/v2\/users\/2"}],"replies":[{"embeddable":true,"href":"https:\/\/laretive.info\/index.php?rest_route=%2Fwp%2Fv2%2Fcomments&post=1054"}],"version-history":[{"count":1,"href":"https:\/\/laretive.info\/index.php?rest_route=\/wp\/v2\/pages\/1054\/revisions"}],"predecessor-version":[{"id":1055,"href":"https:\/\/laretive.info\/index.php?rest_route=\/wp\/v2\/pages\/1054\/revisions\/1055"}],"up":[{"embeddable":true,"href":"https:\/\/laretive.info\/index.php?rest_route=\/wp\/v2\/pages\/779"}],"wp:attachment":[{"href":"https:\/\/laretive.info\/index.php?rest_route=%2Fwp%2Fv2%2Fmedia&parent=1054"}],"curies":[{"name":"wp","href":"https:\/\/api.w.org\/{rel}","templated":true}]}}