{"id":1083,"date":"2018-04-30T18:12:28","date_gmt":"2018-04-30T16:12:28","guid":{"rendered":"https:\/\/laretive.info\/?page_id=1083"},"modified":"2018-04-30T18:12:28","modified_gmt":"2018-04-30T16:12:28","slug":"avril-2018","status":"publish","type":"page","link":"https:\/\/laretive.info\/?page_id=1083","title":{"rendered":"Avril 2018"},"content":{"rendered":"\n\n\t<ul  class=\"eo-events eo-events-shortcode\" > \n\n\t\t\n\t\t\t\n\t\t\t<li class=\"eo-event-cat-luttes-sociales eo-event-past\" >\n\t\t\t\t<a href=\"https:\/\/laretive.info\/?event=projection-discussion-la-machine-judiciaire\">Projection\/Discussion &#8211; La machine judiciaire<\/a> le 6 avril 2018 19h00\t\t\t<\/li>\n\n\t\t\n\t\t\t\n\t\t\t<li class=\"eo-event-cat-cantines eo-event-past\" >\n\t\t\t\t<a href=\"https:\/\/laretive.info\/?event=cantine-de-la-retive-5\">Cantine de la R\u00e9tive<\/a> le 8 avril 2018 12h30\t\t\t<\/li>\n\n\t\t\n\t\t\t\n\t\t\t<li class=\"eo-event-cat-exploites-enerves eo-event-past\" >\n\t\t\t\t<a href=\"https:\/\/laretive.info\/?event=reunion-du-collectif-exploites-enerves\">R\u00e9union du collectif exploit\u00e9s \u00e9nerv\u00e9s<\/a> le 13 avril 2018 19h00\t\t\t<\/li>\n\n\t\t\n\t\t\t\n\t\t\t<li class=\"eo-event-past\" >\n\t\t\t\t<a href=\"https:\/\/laretive.info\/?event=annulation-groupe-de-lecture-du-19-avril\">Annulation groupe de lecture du 19 avril<\/a> le 19 avril 2018 19h30\t\t\t<\/li>\n\n\t\t\n\t\t\t\n\t\t\t<li class=\"eo-event-cat-cine-club eo-event-past\" >\n\t\t\t\t<a href=\"https:\/\/laretive.info\/?event=cine-club-la-coupe-a-10-francs\">Cin\u00e9-club &#8211; La Coupe \u00e0 10 francs<\/a> le 27 avril 2018 19h00\t\t\t<\/li>\n\n\t\t\n\t<\/ul>\n\n\n","protected":false},"excerpt":{"rendered":"","protected":false},"author":2,"featured_media":0,"parent":0,"menu_order":0,"comment_status":"closed","ping_status":"closed","template":"","meta":{"footnotes":""},"class_list":["post-1083","page","type-page","status-publish","hentry"],"_links":{"self":[{"href":"https:\/\/laretive.info\/index.php?rest_route=\/wp\/v2\/pages\/1083","targetHints":{"allow":["GET"]}}],"collection":[{"href":"https:\/\/laretive.info\/index.php?rest_route=\/wp\/v2\/pages"}],"about":[{"href":"https:\/\/laretive.info\/index.php?rest_route=\/wp\/v2\/types\/page"}],"author":[{"embeddable":true,"href":"https:\/\/laretive.info\/index.php?rest_route=\/wp\/v2\/users\/2"}],"replies":[{"embeddable":true,"href":"https:\/\/laretive.info\/index.php?rest_route=%2Fwp%2Fv2%2Fcomments&post=1083"}],"version-history":[{"count":1,"href":"https:\/\/laretive.info\/index.php?rest_route=\/wp\/v2\/pages\/1083\/revisions"}],"predecessor-version":[{"id":1084,"href":"https:\/\/laretive.info\/index.php?rest_route=\/wp\/v2\/pages\/1083\/revisions\/1084"}],"wp:attachment":[{"href":"https:\/\/laretive.info\/index.php?rest_route=%2Fwp%2Fv2%2Fmedia&parent=1083"}],"curies":[{"name":"wp","href":"https:\/\/api.w.org\/{rel}","templated":true}]}}