{"id":1701,"date":"2025-04-30T22:24:01","date_gmt":"2025-04-30T20:24:01","guid":{"rendered":"https:\/\/laretive.info\/?page_id=1701"},"modified":"2025-06-01T13:55:10","modified_gmt":"2025-06-01T11:55:10","slug":"causerie-revolutionnaires","status":"publish","type":"page","link":"https:\/\/laretive.info\/?page_id=1701","title":{"rendered":"Causerie r\u00e9volutionnaires"},"content":{"rendered":"\n<p>Ces discussions ont pour ambition de voir plus clair dans notre \u00e9poque floue et effrayante par bien des aspects. On s&rsquo;y retrouve pour partager sur un sujet collectivement choisi la s\u00e9ance pr\u00e9c\u00e9dente. Chacun peut y faire part de ses lectures, \u00e9tudes, documentations et r\u00e9flexions et ensemble, de d\u00e9m\u00ealer les enjeux du moment et de tracer les pistes pour ouvrir un avenir d\u00e9sirable.<\/p>\n\n\n\n<p><strong>Ces moments de discussions ont lieu tous les 3e samedi du mois \u00e0 partir de 19h. <\/strong>Chacun peut aussi ramener quelques grignotages et breuvages \u00e0 partager (non alcoolis\u00e9s de pr\u00e9f\u00e9rence). <\/p>\n\n\n\n<p>Cette page recense les diff\u00e9rents textes qui ont \u00e9t\u00e9 propos\u00e9 pour accompagner les Causeries r\u00e9volutionnaires.<\/p>\n\n\n\n<h2 class=\"wp-block-heading\"><strong>Causerie du samedi 21 juin<\/strong><\/h2>\n\n\n\n<p>L\u2019exploitation. Les fondements du capitalisme, les conditions de l&rsquo;extraction de la valeur&#8230;<\/p>\n\n\n\n<p><strong>Liste des documents:<\/strong><br>&#8211; <a href=\"http:\/\/tempscritiques.free.fr\/spip.php?article550\">Le capital : une br\u00e8ve mise \u00e0 jour<\/a><br>&#8211; <a href=\"https:\/\/entremonde.net\/IMG\/pdf\/CAHIERS02-Livre.pdf\">Karl Marx, Salaire, prix et profits<\/a><br>&#8211; <a href=\"https:\/\/laretive.info\/wp-content\/uploads\/2015\/10\/Abrege-du-Capital-de-Karl-Marx-Carlo-Cafiero.pdf\">Carlo Cafiero, Abr\u00e9g\u00e9 du Capital<\/a><\/p>\n\n\n\n<h2 class=\"wp-block-heading\">Causerie du samedi 17 mai<\/h2>\n\n\n\n<p>Le concept de Nation, son actualit\u00e9, la mont\u00e9e des nationalisme.<\/p>\n\n\n\n<p><strong>Liste des documents:<\/strong><br>&#8211; <a href=\"https:\/\/lhg-voiepro.ac-creteil.fr\/IMG\/pdf\/g_noiriel.pdf\">Qu\u2019est-ce qu\u2019une nation, G Noiriel<\/a><\/p>\n\n\n\n<h2 class=\"wp-block-heading\">Causerie du samedi 19 avril<\/h2>\n\n\n\n<p>Les tensions internationales, les discours va-t&rsquo;en-guerre et les mouvements antimilitaristes et pacifistes actuels et pass\u00e9s.<\/p>\n\n\n\n<p><strong>Liste des documents:<\/strong><br>&#8211; <a href=\"https:\/\/www.autistici.org\/tridnivalka\/tract-contre-la-guerre-capitaliste-contre-la-paix-capitaliste\/\">Contre la guerre capitaliste&nbsp;! Contre la paix capitaliste&nbsp;!<\/a><br>&#8211; <a href=\"file:\/\/\/home\/bakou\/T%C3%A9l%C3%A9chargements\/lantimilitarisme-1.pdf\">L&rsquo;antimilitarisme &#8211; Proposition de d\u00e9finition<\/a><br>&#8211; <a href=\"https:\/\/ddt21.noblogs.org\/?page_id=3608\">L\u2019Ukraine et ses d\u00e9serteurs. Partie I&nbsp;: O\u00f9 sont les hommes&nbsp;?<\/a><br>&#8211; <a href=\"https:\/\/ddt21.noblogs.org\/?page_id=3639\">L\u2019Ukraine et ses d\u00e9serteurs. Partie II : Guerre et r\u00e9volution&nbsp;?<\/a><br>&#8211; <a href=\"https:\/\/www.autistici.org\/tridnivalka\/anti-war-protests-in-gaza\/\">Manifestations contre la guerre \u00e0 Gaza<\/a><br>&#8211; <a href=\"https:\/\/www.autistici.org\/tridnivalka\/ast-les-syndicats-prosionistes-et-propalestiniens-divisent-le-proletariat-mondial\/\">Les syndicats prosionistes et propalestiniens divisent le prol\u00e9tariat mondial<\/a><\/p>\n","protected":false},"excerpt":{"rendered":"<p>Ces discussions ont pour ambition de voir plus clair dans notre \u00e9poque floue et effrayante par bien des aspects. On s&rsquo;y retrouve pour partager sur un sujet collectivement choisi la s\u00e9ance pr\u00e9c\u00e9dente. Chacun peut y faire part de ses lectures, &hellip; <a href=\"https:\/\/laretive.info\/?page_id=1701\">Continuer la lecture <span class=\"meta-nav\">&rarr;<\/span><\/a><\/p>\n","protected":false},"author":2,"featured_media":0,"parent":0,"menu_order":0,"comment_status":"closed","ping_status":"closed","template":"","meta":{"footnotes":""},"class_list":["post-1701","page","type-page","status-publish","hentry"],"_links":{"self":[{"href":"https:\/\/laretive.info\/index.php?rest_route=\/wp\/v2\/pages\/1701","targetHints":{"allow":["GET"]}}],"collection":[{"href":"https:\/\/laretive.info\/index.php?rest_route=\/wp\/v2\/pages"}],"about":[{"href":"https:\/\/laretive.info\/index.php?rest_route=\/wp\/v2\/types\/page"}],"author":[{"embeddable":true,"href":"https:\/\/laretive.info\/index.php?rest_route=\/wp\/v2\/users\/2"}],"replies":[{"embeddable":true,"href":"https:\/\/laretive.info\/index.php?rest_route=%2Fwp%2Fv2%2Fcomments&post=1701"}],"version-history":[{"count":6,"href":"https:\/\/laretive.info\/index.php?rest_route=\/wp\/v2\/pages\/1701\/revisions"}],"predecessor-version":[{"id":1721,"href":"https:\/\/laretive.info\/index.php?rest_route=\/wp\/v2\/pages\/1701\/revisions\/1721"}],"wp:attachment":[{"href":"https:\/\/laretive.info\/index.php?rest_route=%2Fwp%2Fv2%2Fmedia&parent=1701"}],"curies":[{"name":"wp","href":"https:\/\/api.w.org\/{rel}","templated":true}]}}