{"id":339,"date":"2015-04-21T10:02:29","date_gmt":"2015-04-21T09:02:29","guid":{"rendered":"https:\/\/laretive.info\/?page_id=339"},"modified":"2015-04-21T10:02:51","modified_gmt":"2015-04-21T09:02:51","slug":"octobre-2014","status":"publish","type":"page","link":"https:\/\/laretive.info\/?page_id=339","title":{"rendered":"Octobre 2014"},"content":{"rendered":"\n\n\t<ul  class=\"eo-events eo-events-shortcode\" > \n\n\t\t\n\t\t\t\n\t\t\t<li class=\"eo-event-past\" >\n\t\t\t\t<a href=\"https:\/\/laretive.info\/?event=atelier-informatique-sur-les-logiciels-libres\">Atelier informatique sur les logiciels libres<\/a> le 12 octobre 2014 14h00\t\t\t<\/li>\n\n\t\t\n\t\t\t\n\t\t\t<li class=\"eo-event-past\" >\n\t\t\t\t<a href=\"https:\/\/laretive.info\/?event=discussionprojection-sur-la-precarite-et-les-resistances-au-travail\">Discussion\/projection sur la pr\u00e9carit\u00e9 et les r\u00e9sistances au travail<\/a> le 17 octobre 2014 19h00\t\t\t<\/li>\n\n\t\t\n\t\t\t\n\t\t\t<li class=\"eo-event-cat-cantines eo-event-cat-exploites-enerves eo-event-past\" >\n\t\t\t\t<a href=\"https:\/\/laretive.info\/?event=cantine-en-soutien-au-collectif-exploites-enerves\">Cantine en soutien au collectif Exploit\u00e9s Enerv\u00e9s<\/a> le 19 octobre 2014 13h00\t\t\t<\/li>\n\n\t\t\n\t\t\t\n\t\t\t<li class=\"eo-event-cat-cine-club eo-event-past\" >\n\t\t\t\t<a href=\"https:\/\/laretive.info\/?event=projection-de-central-do-brazil\">Projection de Central do Brasil<\/a> le 24 octobre 2014 19h00\t\t\t<\/li>\n\n\t\t\n\t<\/ul>\n\n\n","protected":false},"excerpt":{"rendered":"","protected":false},"author":2,"featured_media":0,"parent":333,"menu_order":0,"comment_status":"closed","ping_status":"closed","template":"","meta":{"footnotes":""},"class_list":["post-339","page","type-page","status-publish","hentry"],"_links":{"self":[{"href":"https:\/\/laretive.info\/index.php?rest_route=\/wp\/v2\/pages\/339","targetHints":{"allow":["GET"]}}],"collection":[{"href":"https:\/\/laretive.info\/index.php?rest_route=\/wp\/v2\/pages"}],"about":[{"href":"https:\/\/laretive.info\/index.php?rest_route=\/wp\/v2\/types\/page"}],"author":[{"embeddable":true,"href":"https:\/\/laretive.info\/index.php?rest_route=\/wp\/v2\/users\/2"}],"replies":[{"embeddable":true,"href":"https:\/\/laretive.info\/index.php?rest_route=%2Fwp%2Fv2%2Fcomments&post=339"}],"version-history":[{"count":1,"href":"https:\/\/laretive.info\/index.php?rest_route=\/wp\/v2\/pages\/339\/revisions"}],"predecessor-version":[{"id":340,"href":"https:\/\/laretive.info\/index.php?rest_route=\/wp\/v2\/pages\/339\/revisions\/340"}],"up":[{"embeddable":true,"href":"https:\/\/laretive.info\/index.php?rest_route=\/wp\/v2\/pages\/333"}],"wp:attachment":[{"href":"https:\/\/laretive.info\/index.php?rest_route=%2Fwp%2Fv2%2Fmedia&parent=339"}],"curies":[{"name":"wp","href":"https:\/\/api.w.org\/{rel}","templated":true}]}}