{"id":53,"date":"2013-12-27T20:34:23","date_gmt":"2013-12-27T19:34:23","guid":{"rendered":"https:\/\/laretive.info\/?page_id=53"},"modified":"2019-05-02T01:13:01","modified_gmt":"2019-05-01T23:13:01","slug":"liens","status":"publish","type":"page","link":"https:\/\/laretive.info\/?page_id=53","title":{"rendered":"Liens"},"content":{"rendered":"<h2>Biblioth\u00e8ques et infokiosques<\/h2>\n<ul id=\"liens\">\n<li>La L\u00e9zarde, biblioth\u00e8que et espace de critique sociale et d&rsquo;entraide, 66 Grand&rsquo;rue , 30270, Saint Jean du Gard; e-mail : <a href=\"mailto:lezarde@riseup.net\">lezarde@riseup.net<\/a><\/li>\n<li>Mille Babords, 61 rue Consolat \u00e0 Marseille ; site : <a href=\"http:\/\/www.millebabords.org\">http:\/\/www.millebabords.org<\/a><\/li>\n<li>Le kiosque, 38 rue Clovis Hugues \u00e0 Marseille 3e<\/li>\n<li>Centre International de Recherche sur l&rsquo;Anarchisme, 50, rue Consolat \u00e0 Marseille ; site : <a href=\"http:\/\/cira.marseille.free.fr\/\">http:\/\/cira.marseille.free.fr\/<\/a><\/li>\n<li>Librairie Scrupules, 26 boulevard Figuerolles \u00e0 Montpellier ; e-mail : <a href=\"mailto:librairiescrupule@no-log.org\" target=\"_top\" rel=\"noopener noreferrer\"> librairiescrupule@no-log.org <\/a><\/li>\n<li>La Mauvaise R\u00e9putation, 20 rue Terral \u00e0 Montpellier ; site : <a href=\"http:\/\/www.c-g-a.org\/librairie-lmr-34\/librairie.htm\"> http:\/\/www.c-g-a.org\/librairie-lmr-34\/librairie.htm <\/a><\/li>\n<li>Le centre Ascaso Durrutti, 6 rue Henri Ren\u00e9 \u00e0 Montpellier ; site : <a href=\"http:\/\/ascaso-durruti.info\/\"> http:\/\/ascaso-durruti.info\/ <\/a><\/li>\n<li>L&rsquo;Etuve, ancienne menuiserie Philippe, route de Ganges, Pont d&rsquo;H\u00e9rault<\/li>\n<li>Le laboratoire Anarchiste, 8 place St Jean, Valence ; site : <a href=\"http:\/\/lelaboratoireanarchiste.noblogs.org\/\"> http:\/\/lelaboratoireanarchiste.noblogs.org\/ <\/a><\/li>\n<\/ul>\n<h2>Listes de diffusion<\/h2>\n<ul id=\"liens\">\n<li>IACAM est une liste de diffusion, d&rsquo;informations et d&rsquo;analyses sur les luttes sociales dans les C\u00e9vennes et alentours. Elle doit \u00eatre un outil pour acqu\u00e9rir plus d&rsquo;autonomie dans nos combats. C&rsquo;est un moyen de rompre l&rsquo;isolement de chacun ou de chaque collectif et d&rsquo;\u00e9changer nos pratiques et r\u00e9flexions. C&rsquo;est un outil d&rsquo;information &#8211;\u00a0parmi d&rsquo;autres\u00a0&#8211; pour contrer le monopole de la presse officielle. Iacam est \u00e9galement autonome de tout pouvoir \u00e9conomique, politique ou syndical. C&rsquo;est un relais pour tous ceux qui ne se r\u00e9signent pas, un relais pour la guerre sociale, pour combattre mis\u00e8res, exploitations et dominations en tous genres.<br \/>\nTout le monde peut y diffuser des messages, envoyer un mail \u00e0 iacam@rezo.net. Pour s&rsquo;abonner, remplir <a href=\"http:\/\/listes.rezo.net\/mailman\/listinfo\/iacam\"> ce formulaire<\/a>, ou envoyer un message aux mod\u00e9rateurs sur iacam@riseup.net.<\/li>\n<li>La liste de diffusion du collectif exploit\u00e9s \u00e9nerv\u00e9s, collectif de travailleurs, ch\u00f4meurs et pr\u00e9caires sur Al\u00e8s et environs. Pour s&rsquo;inscrire, <a href=\"https:\/\/lists.riseup.net\/www\/info\/exploitesenerves-infos\">aller ici<\/a>.<\/li>\n<li>La liste de diffusion d&rsquo;informations du RESF du Gard. Pour s&rsquo;abonner, aller sur <a href=\"http:\/\/listes.rezo.net\/mailman\/listinfo\/resf30-info\"> cette page<\/a>.<\/li>\n<\/ul>\n<h2>Collectifs de ch\u00f4meurs et pr\u00e9caires<\/h2>\n<ul id=\"liens\">\n<li><a href=\"http:\/\/exploitesenerves.noblogs.org\/\"> Exploit\u00e9s Enerv\u00e9s<\/a>, collectif de travailleurs, pr\u00e9caires et chomeurs sur Al\u00e8s et environs.<\/li>\n<li><a href=\"http:\/\/www.classeenlutte.org\/\"> CLASSE <\/a> Collectif de liaison pour l&rsquo;autod\u00e9fense et la solidarit\u00e9 de classe (Toulouse)<\/li>\n<li><a href=\"http:\/\/luttonscontrelaprecarite-montpellier.over-blog.net\/\"> Luttons contre la pr\u00e9carit\u00e9 Montpellier<\/a> a pour objet de d\u00e9noncer la condition de pr\u00e9carit\u00e9 dans la soci\u00e9t\u00e9, de lutter contre l\u2019extension de cette condition et la d\u00e9gradation des conditions d\u2019existence des pr\u00e9caires.<\/li>\n<li><a href=\"http:\/\/www.cip-idf.org\/\"> Coordination des Intermittents et Pr\u00e9caires d&rsquo;Ile-de-France <\/a><\/li>\n<\/ul>\n<h2>Sites d&rsquo;infos, recueils de textes&#8230;<\/h2>\n<ul id=\"liens\">\n<li><a href=\"https:\/\/lepressoir-info.org\/\"> Le Pressoir<\/a> (Montpellier)<\/li>\n<li><a href=\"https:\/\/paris-luttes.info\/\"> Paris-luttes<\/a><\/li>\n<li><a href=\"https:\/\/mars-infos.org\/\"> Marseille Info Autonomes<\/a><\/li>\n<li><a href=\"https:\/\/rebellyon.info\/\"> Rebellyon<\/a><\/li>\n<li><a href=\"https:\/\/iaata.info\/\"> Info Anti Autoritaire Toulouse et Alentours<\/a><\/li>\n<li><a href=\"http:\/\/www.19h17.info\/\"> 19h17.info<\/a>, le site d&rsquo;informations pour la r\u00e9volution<\/li>\n<li><a href=\"http:\/\/ddt21.noblogs.org\/\"> Douter de tout <\/a><\/li>\n<li><a href=\"http:\/\/dialectical-delinquents.com\/\"> Dialectical Delinquents<\/a> (en anglais)<\/li>\n<li><a href=\"http:\/\/basseintensite.internetdown.org\/\"> Basse Intensit\u00e9<\/a> Infokiosque en direct des faubourgs de l&rsquo;antimonde<\/li>\n<li>Le<a href=\"http:\/\/contreinfo7.internetdown.org\/\"> Bulletin de Contre-Infos en C\u00e9vennes<\/a><\/li>\n<li><a href=\"https:\/\/solidairesathees.blogspot.fr\/\">https:\/\/solidairesathees.blogspot.fr\/<\/a>\u00a0\u00a0 blog sur l&rsquo;ath\u00e9isme \u00e0 travers le monde<\/li>\n<li><a href=\"https:\/\/cracherdanslasoupe.noblogs.org\/\">Cracher dans la soupe<\/a><\/li>\n<\/ul>\n","protected":false},"excerpt":{"rendered":"<p>Biblioth\u00e8ques et infokiosques La L\u00e9zarde, biblioth\u00e8que et espace de critique sociale et d&rsquo;entraide, 66 Grand&rsquo;rue , 30270, Saint Jean du Gard; e-mail : lezarde@riseup.net Mille Babords, 61 rue Consolat \u00e0 Marseille ; site : http:\/\/www.millebabords.org Le kiosque, 38 rue Clovis &hellip; <a href=\"https:\/\/laretive.info\/?page_id=53\">Continuer la lecture <span class=\"meta-nav\">&rarr;<\/span><\/a><\/p>\n","protected":false},"author":2,"featured_media":0,"parent":0,"menu_order":0,"comment_status":"closed","ping_status":"closed","template":"","meta":{"footnotes":""},"class_list":["post-53","page","type-page","status-publish","hentry"],"_links":{"self":[{"href":"https:\/\/laretive.info\/index.php?rest_route=\/wp\/v2\/pages\/53","targetHints":{"allow":["GET"]}}],"collection":[{"href":"https:\/\/laretive.info\/index.php?rest_route=\/wp\/v2\/pages"}],"about":[{"href":"https:\/\/laretive.info\/index.php?rest_route=\/wp\/v2\/types\/page"}],"author":[{"embeddable":true,"href":"https:\/\/laretive.info\/index.php?rest_route=\/wp\/v2\/users\/2"}],"replies":[{"embeddable":true,"href":"https:\/\/laretive.info\/index.php?rest_route=%2Fwp%2Fv2%2Fcomments&post=53"}],"version-history":[{"count":70,"href":"https:\/\/laretive.info\/index.php?rest_route=\/wp\/v2\/pages\/53\/revisions"}],"predecessor-version":[{"id":1378,"href":"https:\/\/laretive.info\/index.php?rest_route=\/wp\/v2\/pages\/53\/revisions\/1378"}],"wp:attachment":[{"href":"https:\/\/laretive.info\/index.php?rest_route=%2Fwp%2Fv2%2Fmedia&parent=53"}],"curies":[{"name":"wp","href":"https:\/\/api.w.org\/{rel}","templated":true}]}}