{"id":554,"date":"2016-04-15T18:37:42","date_gmt":"2016-04-15T16:37:42","guid":{"rendered":"https:\/\/laretive.info\/?page_id=554"},"modified":"2016-04-15T18:37:42","modified_gmt":"2016-04-15T16:37:42","slug":"fevrier-2016","status":"publish","type":"page","link":"https:\/\/laretive.info\/?page_id=554","title":{"rendered":"F\u00e9vrier 2016"},"content":{"rendered":"\n\n\t<ul  class=\"eo-events eo-events-shortcode\" > \n\n\t\t\n\t\t\t\n\t\t\t<li class=\"eo-event-past\" >\n\t\t\t\t<a href=\"https:\/\/laretive.info\/?event=atelier-decriture-3\">Atelier d&rsquo;\u00e9criture<\/a> le 10 f\u00e9vrier 2016 19h30\t\t\t<\/li>\n\n\t\t\n\t\t\t\n\t\t\t<li class=\"eo-event-past\" >\n\t\t\t\t<a href=\"https:\/\/laretive.info\/?event=projection-discussion-parcours-de-migrants\">Projection \/ discussion : parcours de migrants<\/a> le 13 f\u00e9vrier 2016 19h00\t\t\t<\/li>\n\n\t\t\n\t\t\t\n\t\t\t<li class=\"eo-event-past\" >\n\t\t\t\t<a href=\"https:\/\/laretive.info\/?event=cantine-rouz-jerbi\">Cantine Rouz Jerbi<\/a> le 14 f\u00e9vrier 2016 13h00\t\t\t<\/li>\n\n\t\t\n\t\t\t\n\t\t\t<li class=\"eo-event-past\" >\n\t\t\t\t<a href=\"https:\/\/laretive.info\/?event=groupe-de-lecture-labrege-du-capital-suite\">Groupe de lecture : l&rsquo;Abr\u00e9g\u00e9 du Capital (suite)<\/a> le 17 f\u00e9vrier 2016 19h00\t\t\t<\/li>\n\n\t\t\n\t\t\t\n\t\t\t<li class=\"eo-event-past\" >\n\t\t\t\t<a href=\"https:\/\/laretive.info\/?event=a-montpellier-soiree-zic-en-soutien-a-la-retive\"><strong>\u00e0 Montpellier :<\/strong> soir\u00e9e zic&rsquo; en soutien \u00e0 la R\u00e9tive<\/a> le 20 f\u00e9vrier 2016 19h00\t\t\t<\/li>\n\n\t\t\n\t\t\t\n\t\t\t<li class=\"eo-event-past\" >\n\t\t\t\t<a href=\"https:\/\/laretive.info\/?event=atelier-decriture-3\">Atelier d&rsquo;\u00e9criture<\/a> le 24 f\u00e9vrier 2016 19h30\t\t\t<\/li>\n\n\t\t\n\t\t\t\n\t\t\t<li class=\"eo-event-past\" >\n\t\t\t\t<a href=\"https:\/\/laretive.info\/?event=cine-club-le-petit-voleur\">Cin\u00e9-club : le petit voleur<\/a> le 26 f\u00e9vrier 2016 19h00\t\t\t<\/li>\n\n\t\t\n\t<\/ul>\n\n\n","protected":false},"excerpt":{"rendered":"","protected":false},"author":2,"featured_media":0,"parent":0,"menu_order":0,"comment_status":"closed","ping_status":"closed","template":"","meta":{"footnotes":""},"class_list":["post-554","page","type-page","status-publish","hentry"],"_links":{"self":[{"href":"https:\/\/laretive.info\/index.php?rest_route=\/wp\/v2\/pages\/554","targetHints":{"allow":["GET"]}}],"collection":[{"href":"https:\/\/laretive.info\/index.php?rest_route=\/wp\/v2\/pages"}],"about":[{"href":"https:\/\/laretive.info\/index.php?rest_route=\/wp\/v2\/types\/page"}],"author":[{"embeddable":true,"href":"https:\/\/laretive.info\/index.php?rest_route=\/wp\/v2\/users\/2"}],"replies":[{"embeddable":true,"href":"https:\/\/laretive.info\/index.php?rest_route=%2Fwp%2Fv2%2Fcomments&post=554"}],"version-history":[{"count":1,"href":"https:\/\/laretive.info\/index.php?rest_route=\/wp\/v2\/pages\/554\/revisions"}],"predecessor-version":[{"id":555,"href":"https:\/\/laretive.info\/index.php?rest_route=\/wp\/v2\/pages\/554\/revisions\/555"}],"wp:attachment":[{"href":"https:\/\/laretive.info\/index.php?rest_route=%2Fwp%2Fv2%2Fmedia&parent=554"}],"curies":[{"name":"wp","href":"https:\/\/api.w.org\/{rel}","templated":true}]}}