{"id":689,"date":"2016-11-15T17:41:19","date_gmt":"2016-11-15T16:41:19","guid":{"rendered":"https:\/\/laretive.info\/?page_id=689"},"modified":"2016-11-15T17:41:19","modified_gmt":"2016-11-15T16:41:19","slug":"novembre-2016","status":"publish","type":"page","link":"https:\/\/laretive.info\/?page_id=689","title":{"rendered":"Novembre 2016"},"content":{"rendered":"\n\n\t<ul  class=\"eo-events eo-events-shortcode\" > \n\n\t\t\n\t\t\t\n\t\t\t<li class=\"eo-event-past eo-all-day\" >\n\t\t\t\t<a href=\"https:\/\/laretive.info\/?event=presentation-du-livre-milot-lincorrigible-parcours-carceral-dun-jeune-insoumis-a-la-belle-epoque-du-collectif-lescapade\">Pr\u00e9sentation du livre \u00ab\u00a0Milot l&rsquo;incorrigible. Parcours carc\u00e9ral d&rsquo;un jeune insoumis \u00e0 la Belle \u00e9poque\u00a0\u00bb du collectif L&rsquo;Escapade.<\/a> le 5 novembre 2016\t\t\t<\/li>\n\n\t\t\n\t\t\t\n\t\t\t<li class=\"eo-event-past\" >\n\t\t\t\t<a href=\"https:\/\/laretive.info\/?event=cantine-chili-con-sine-carne\">Cantine chili con (&#038; sine) carne<\/a> le 13 novembre 2016 13h00\t\t\t<\/li>\n\n\t\t\n\t\t\t\n\t\t\t<li class=\"eo-event-past\" >\n\t\t\t\t<a href=\"https:\/\/laretive.info\/?event=groupe-de-lecture-l-feuerbach-et-la-fin-de-la-philosophie-classique-allemande-de-f-engels\">Groupe de lecture : \u00ab\u00a0L. Feuerbach et la fin de la philosophie classique allemande\u00a0\u00bb de F. Engels<\/a> le 16 novembre 2016 19h00\t\t\t<\/li>\n\n\t\t\n\t\t\t\n\t\t\t<li class=\"eo-event-past eo-all-day\" >\n\t\t\t\t<a href=\"https:\/\/laretive.info\/?event=cine-club-le-destin-de-youssef-chahine\">Cin\u00e9-club : le Destin de Youssef Chahine<\/a> le 25 novembre 2016\t\t\t<\/li>\n\n\t\t\n\t\t\t\n\t\t\t<li class=\"eo-event-past\" >\n\t\t\t\t<a href=\"https:\/\/laretive.info\/?event=cantine-sans-frontieres\">Cantine sans fronti\u00e8res<\/a> le 26 novembre 2016 12h00\t\t\t<\/li>\n\n\t\t\n\t\t\t\n\t\t\t<li class=\"eo-event-past\" >\n\t\t\t\t<a href=\"https:\/\/laretive.info\/?event=discussion-sur-les-luttes-sociales-en-pologne\">Discussion sur les luttes sociales en Pologne<\/a> le 26 novembre 2016 19h00\t\t\t<\/li>\n\n\t\t\n\t\t\t\n\t\t\t<li class=\"eo-event-past\" >\n\t\t\t\t<a href=\"https:\/\/laretive.info\/?event=atelier-decriture-5\">Atelier d&rsquo;\u00e9criture<\/a> le 27 novembre 2016 14h00\t\t\t<\/li>\n\n\t\t\n\t<\/ul>\n\n\n","protected":false},"excerpt":{"rendered":"","protected":false},"author":2,"featured_media":0,"parent":0,"menu_order":0,"comment_status":"closed","ping_status":"closed","template":"","meta":{"footnotes":""},"class_list":["post-689","page","type-page","status-publish","hentry"],"_links":{"self":[{"href":"https:\/\/laretive.info\/index.php?rest_route=\/wp\/v2\/pages\/689","targetHints":{"allow":["GET"]}}],"collection":[{"href":"https:\/\/laretive.info\/index.php?rest_route=\/wp\/v2\/pages"}],"about":[{"href":"https:\/\/laretive.info\/index.php?rest_route=\/wp\/v2\/types\/page"}],"author":[{"embeddable":true,"href":"https:\/\/laretive.info\/index.php?rest_route=\/wp\/v2\/users\/2"}],"replies":[{"embeddable":true,"href":"https:\/\/laretive.info\/index.php?rest_route=%2Fwp%2Fv2%2Fcomments&post=689"}],"version-history":[{"count":1,"href":"https:\/\/laretive.info\/index.php?rest_route=\/wp\/v2\/pages\/689\/revisions"}],"predecessor-version":[{"id":690,"href":"https:\/\/laretive.info\/index.php?rest_route=\/wp\/v2\/pages\/689\/revisions\/690"}],"wp:attachment":[{"href":"https:\/\/laretive.info\/index.php?rest_route=%2Fwp%2Fv2%2Fmedia&parent=689"}],"curies":[{"name":"wp","href":"https:\/\/api.w.org\/{rel}","templated":true}]}}