{"id":783,"date":"2017-04-07T17:29:02","date_gmt":"2017-04-07T15:29:02","guid":{"rendered":"https:\/\/laretive.info\/?page_id=783"},"modified":"2017-04-07T17:34:09","modified_gmt":"2017-04-07T15:34:09","slug":"fevrier-2017","status":"publish","type":"page","link":"https:\/\/laretive.info\/?page_id=783","title":{"rendered":"F\u00e9vrier 2017"},"content":{"rendered":"\n\n\t<ul  class=\"eo-events eo-events-shortcode\" > \n\n\t\t\n\t\t\t\n\t\t\t<li class=\"eo-event-past\" >\n\t\t\t\t<a href=\"https:\/\/laretive.info\/?event=ag-annuelle-de-la-retive\">AG annuelle de la R\u00e9tive<\/a> le 5 f\u00e9vrier 2017 10h00\t\t\t<\/li>\n\n\t\t\n\t\t\t\n\t\t\t<li class=\"eo-event-past\" >\n\t\t\t\t<a href=\"https:\/\/laretive.info\/?event=cantine-congre-en-daube-a-la-camaretoise-et-charlotte-a-lananas\">Cantine : congre en daube \u00e0 la Camar\u00e9toise et charlotte \u00e0 l&rsquo;ananas<\/a> le 12 f\u00e9vrier 2017 13h00\t\t\t<\/li>\n\n\t\t\n\t\t\t\n\t\t\t<li class=\"eo-event-past\" >\n\t\t\t\t<a href=\"https:\/\/laretive.info\/?event=groupe-de-lecture-3\">Groupe de lecture<\/a> le 15 f\u00e9vrier 2017 19h00\t\t\t<\/li>\n\n\t\t\n\t\t\t\n\t\t\t<li class=\"eo-event-past eo-all-day\" >\n\t\t\t\t<a href=\"https:\/\/laretive.info\/?event=cine-club-les-tortues-volent-aussi\">Cin\u00e9-club : les tortues volent aussi<\/a> le 24 f\u00e9vrier 2017\t\t\t<\/li>\n\n\t\t\n\t\t\t\n\t\t\t<li class=\"eo-event-past\" >\n\t\t\t\t<a href=\"https:\/\/laretive.info\/?event=nucleaire-envers-et-contre-tous\">Nucl\u00e9aire, envers et contre tous<\/a> le 25 f\u00e9vrier 2017 19h00\t\t\t<\/li>\n\n\t\t\n\t\t\t\n\t\t\t<li class=\"eo-event-past\" >\n\t\t\t\t<a href=\"https:\/\/laretive.info\/?event=atelier-decriture-5\">Atelier d&rsquo;\u00e9criture<\/a> le 26 f\u00e9vrier 2017 14h00\t\t\t<\/li>\n\n\t\t\n\t<\/ul>\n\n\n","protected":false},"excerpt":{"rendered":"","protected":false},"author":2,"featured_media":0,"parent":779,"menu_order":0,"comment_status":"closed","ping_status":"closed","template":"","meta":{"footnotes":""},"class_list":["post-783","page","type-page","status-publish","hentry"],"_links":{"self":[{"href":"https:\/\/laretive.info\/index.php?rest_route=\/wp\/v2\/pages\/783","targetHints":{"allow":["GET"]}}],"collection":[{"href":"https:\/\/laretive.info\/index.php?rest_route=\/wp\/v2\/pages"}],"about":[{"href":"https:\/\/laretive.info\/index.php?rest_route=\/wp\/v2\/types\/page"}],"author":[{"embeddable":true,"href":"https:\/\/laretive.info\/index.php?rest_route=\/wp\/v2\/users\/2"}],"replies":[{"embeddable":true,"href":"https:\/\/laretive.info\/index.php?rest_route=%2Fwp%2Fv2%2Fcomments&post=783"}],"version-history":[{"count":1,"href":"https:\/\/laretive.info\/index.php?rest_route=\/wp\/v2\/pages\/783\/revisions"}],"predecessor-version":[{"id":785,"href":"https:\/\/laretive.info\/index.php?rest_route=\/wp\/v2\/pages\/783\/revisions\/785"}],"up":[{"embeddable":true,"href":"https:\/\/laretive.info\/index.php?rest_route=\/wp\/v2\/pages\/779"}],"wp:attachment":[{"href":"https:\/\/laretive.info\/index.php?rest_route=%2Fwp%2Fv2%2Fmedia&parent=783"}],"curies":[{"name":"wp","href":"https:\/\/api.w.org\/{rel}","templated":true}]}}