{"id":786,"date":"2017-04-07T17:30:04","date_gmt":"2017-04-07T15:30:04","guid":{"rendered":"https:\/\/laretive.info\/?page_id=786"},"modified":"2017-04-07T17:34:39","modified_gmt":"2017-04-07T15:34:39","slug":"mars-2017","status":"publish","type":"page","link":"https:\/\/laretive.info\/?page_id=786","title":{"rendered":"Mars 2017"},"content":{"rendered":"\n\n\t<ul  class=\"eo-events eo-events-shortcode\" > \n\n\t\t\n\t\t\t\n\t\t\t<li class=\"eo-event-past\" >\n\t\t\t\t<a href=\"https:\/\/laretive.info\/?event=groupe-de-lecture-la-peste-brune-de-daniel-guerin\">Groupe de lecture : la peste brune de Daniel Gu\u00e9rin<\/a> le 23 mars 2017 19h00\t\t\t<\/li>\n\n\t\t\n\t\t\t\n\t\t\t<li class=\"eo-event-past\" >\n\t\t\t\t<a href=\"https:\/\/laretive.info\/?event=cantine-sans-frontiere\">Cantine sans fronti\u00e8res<\/a> le 25 mars 2017 12h00\t\t\t<\/li>\n\n\t\t\n\t\t\t\n\t\t\t<li class=\"eo-event-past\" >\n\t\t\t\t<a href=\"https:\/\/laretive.info\/?event=atelier-decriture-5\">Atelier d&rsquo;\u00e9criture<\/a> le 26 mars 2017 14h00\t\t\t<\/li>\n\n\t\t\n\t\t\t\n\t\t\t<li class=\"eo-event-past eo-all-day\" >\n\t\t\t\t<a href=\"https:\/\/laretive.info\/?event=cine-club-la-derniere-corvee\">Cin\u00e9-club : la Derni\u00e8re Corv\u00e9e<\/a> le 31 mars 2017\t\t\t<\/li>\n\n\t\t\n\t<\/ul>\n\n\n","protected":false},"excerpt":{"rendered":"","protected":false},"author":2,"featured_media":0,"parent":779,"menu_order":0,"comment_status":"closed","ping_status":"closed","template":"","meta":{"footnotes":""},"class_list":["post-786","page","type-page","status-publish","hentry"],"_links":{"self":[{"href":"https:\/\/laretive.info\/index.php?rest_route=\/wp\/v2\/pages\/786","targetHints":{"allow":["GET"]}}],"collection":[{"href":"https:\/\/laretive.info\/index.php?rest_route=\/wp\/v2\/pages"}],"about":[{"href":"https:\/\/laretive.info\/index.php?rest_route=\/wp\/v2\/types\/page"}],"author":[{"embeddable":true,"href":"https:\/\/laretive.info\/index.php?rest_route=\/wp\/v2\/users\/2"}],"replies":[{"embeddable":true,"href":"https:\/\/laretive.info\/index.php?rest_route=%2Fwp%2Fv2%2Fcomments&post=786"}],"version-history":[{"count":1,"href":"https:\/\/laretive.info\/index.php?rest_route=\/wp\/v2\/pages\/786\/revisions"}],"predecessor-version":[{"id":787,"href":"https:\/\/laretive.info\/index.php?rest_route=\/wp\/v2\/pages\/786\/revisions\/787"}],"up":[{"embeddable":true,"href":"https:\/\/laretive.info\/index.php?rest_route=\/wp\/v2\/pages\/779"}],"wp:attachment":[{"href":"https:\/\/laretive.info\/index.php?rest_route=%2Fwp%2Fv2%2Fmedia&parent=786"}],"curies":[{"name":"wp","href":"https:\/\/api.w.org\/{rel}","templated":true}]}}