{"id":848,"date":"2017-09-06T21:01:14","date_gmt":"2017-09-06T19:01:14","guid":{"rendered":"https:\/\/laretive.info\/?page_id=848"},"modified":"2017-09-06T21:19:36","modified_gmt":"2017-09-06T19:19:36","slug":"a-lire-ou-a-relire","status":"publish","type":"page","link":"https:\/\/laretive.info\/?page_id=848","title":{"rendered":"\u00c0 lire ou \u00e0 relire"},"content":{"rendered":"\t<div class=\"wpnawfree-plugin news-clearfix \" id=\"wpnw-news-1\">\r\n\r\n\t\t\r\n\t\t\t<div id=\"post-1238\" class=\"news type-news wpnaw-blog-class has-date news-col-list wpnaw-first\">\r\n\t\t\t\t<div class=\"news-inner-wrap-view news-clearfix \">\r\n\r\n\t\t\t\t\t\t\t\t\t\t<div class=\"news-thumb\">\r\n\t\t\t\t\t\t\t\t\t\t\t\t\t<div class=\"grid-news-thumb\">\r\n\t\t\t\t\t\t\t\t<a href=\"https:\/\/laretive.info\/?news=bibliographie-cest-quoi-les-classes-sociales\"><img loading=\"lazy\" decoding=\"async\" width=\"584\" height=\"615\" src=\"https:\/\/laretive.info\/wp-content\/uploads\/2018\/09\/16579244-nuage-de-mots-abstraits-pour-la-classe-sociale-avec-des-\u00e9tiquettes-et-des-termes-connexes-768x809.jpg\" class=\"attachment-medium_large size-medium_large wp-post-image\" alt=\"\" srcset=\"https:\/\/laretive.info\/wp-content\/uploads\/2018\/09\/16579244-nuage-de-mots-abstraits-pour-la-classe-sociale-avec-des-\u00e9tiquettes-et-des-termes-connexes-768x809.jpg 768w, https:\/\/laretive.info\/wp-content\/uploads\/2018\/09\/16579244-nuage-de-mots-abstraits-pour-la-classe-sociale-avec-des-\u00e9tiquettes-et-des-termes-connexes-285x300.jpg 285w, https:\/\/laretive.info\/wp-content\/uploads\/2018\/09\/16579244-nuage-de-mots-abstraits-pour-la-classe-sociale-avec-des-\u00e9tiquettes-et-des-termes-connexes-972x1024.jpg 972w, https:\/\/laretive.info\/wp-content\/uploads\/2018\/09\/16579244-nuage-de-mots-abstraits-pour-la-classe-sociale-avec-des-\u00e9tiquettes-et-des-termes-connexes.jpg 1234w\" sizes=\"auto, (max-width: 584px) 100vw, 584px\" \/><\/a>\r\n\t\t\t\t\t\t\t<\/div>\r\n\t\t\t\t\t\t\t\t\t\t\t<\/div>\r\n\t\t\t\t\t\r\n\t\t\t\t\t<div class=\"news-content\">\r\n\t\t\t\t\t\t\t\t\t\t\t\t\t<div class=\"grid-date-post\">\r\n\t\t\t\t\t\t\t\t22 septembre 2018 \/ <a href=\"https:\/\/laretive.info\/?news-category=lutte-de-classes\">lutte de classes<\/a>\t\t\t\t\t\t\t<\/div>\r\n\t\t\t\t\t\t\r\n\t\t\t\t\t\t<div class=\"post-content-text\">\r\n\t\t\t\t\t\t\t<h3 class=\"news-title\"><a href=\"https:\/\/laretive.info\/?news=bibliographie-cest-quoi-les-classes-sociales\" rel=\"bookmark\">Bibliographie \u00ab Que sont les classes sociales \u00bb<\/a><\/h3>\t\t\t\t\t\t\t\t<div class=\"news-content-excerpt\">\r\n\t\t\t\t\t\t\t\t\t\t\t\t\t\t\t\t\t\t\t<div class=\"news-short-content\">\r\n\t\t\t\t\t\t\t\t\t\t\tBibliographie \u00ab Que sont les classes sociales \u00bb -Alain Accardo, Le petit bourgeois gentilhomme, Agone, 2009, 160 p. Pr\u00e9sent \u00e0...\t\t\t\t\t\t\t\t\t\t<\/div>\r\n\t\t\t\t\t\t\t\t\t\t<a href=\"https:\/\/laretive.info\/?news=bibliographie-cest-quoi-les-classes-sociales\" class=\"news-more-link\">En savoir plus<\/a>\r\n\t\t\t\t\t\t\t\t\t\t\t\t\t\t\t\t\t<\/div><!-- .entry-content -->\r\n\t\t\t\t\t\t\t\t\t\t\t\t\t<\/div>\r\n\t\t\t\t\t<\/div>\r\n\t\t\t\t<\/div><!-- #post-## -->\r\n\t\t\t<\/div><!-- #post-## -->\r\n\t\t\r\n\t\t\t<div id=\"post-1030\" class=\"news type-news wpnaw-blog-class has-date news-col-list\">\r\n\t\t\t\t<div class=\"news-inner-wrap-view news-clearfix \">\r\n\r\n\t\t\t\t\t\t\t\t\t\t<div class=\"news-thumb\">\r\n\t\t\t\t\t\t\t\t\t\t\t\t\t<div class=\"grid-news-thumb\">\r\n\t\t\t\t\t\t\t\t<a href=\"https:\/\/laretive.info\/?news=bibliographie-sur-lautonomie\"><img loading=\"lazy\" decoding=\"async\" width=\"225\" height=\"225\" src=\"https:\/\/laretive.info\/wp-content\/uploads\/2018\/03\/AutonomieSpartacus.jpeg\" class=\"attachment-medium_large size-medium_large wp-post-image\" alt=\"\" srcset=\"https:\/\/laretive.info\/wp-content\/uploads\/2018\/03\/AutonomieSpartacus.jpeg 225w, https:\/\/laretive.info\/wp-content\/uploads\/2018\/03\/AutonomieSpartacus-150x150.jpeg 150w\" sizes=\"auto, (max-width: 225px) 100vw, 225px\" \/><\/a>\r\n\t\t\t\t\t\t\t<\/div>\r\n\t\t\t\t\t\t\t\t\t\t\t<\/div>\r\n\t\t\t\t\t\r\n\t\t\t\t\t<div class=\"news-content\">\r\n\t\t\t\t\t\t\t\t\t\t\t\t\t<div class=\"grid-date-post\">\r\n\t\t\t\t\t\t\t\t19 mars 2018 \/ <a href=\"https:\/\/laretive.info\/?news-category=lutte-de-classes\">lutte de classes<\/a>\t\t\t\t\t\t\t<\/div>\r\n\t\t\t\t\t\t\r\n\t\t\t\t\t\t<div class=\"post-content-text\">\r\n\t\t\t\t\t\t\t<h3 class=\"news-title\"><a href=\"https:\/\/laretive.info\/?news=bibliographie-sur-lautonomie\" rel=\"bookmark\">Bibliographie sur L\u2019Autonomie<\/a><\/h3>\t\t\t\t\t\t\t\t<div class=\"news-content-excerpt\">\r\n\t\t\t\t\t\t\t\t\t\t\t\t\t\t\t\t\t\t\t<div class=\"news-short-content\">\r\n\t\t\t\t\t\t\t\t\t\t\t-La pense\u0301e politique de Cornelius Castoriadis, le projet d\u2019autonomie, Iosk e\u0301dition, 2003, 24 p. https:\/\/infokiosques.net\/IMG\/pdf\/c.pdf -L\u2019Autonomie. Le mouvement autonome en...\t\t\t\t\t\t\t\t\t\t<\/div>\r\n\t\t\t\t\t\t\t\t\t\t<a href=\"https:\/\/laretive.info\/?news=bibliographie-sur-lautonomie\" class=\"news-more-link\">En savoir plus<\/a>\r\n\t\t\t\t\t\t\t\t\t\t\t\t\t\t\t\t\t<\/div><!-- .entry-content -->\r\n\t\t\t\t\t\t\t\t\t\t\t\t\t<\/div>\r\n\t\t\t\t\t<\/div>\r\n\t\t\t\t<\/div><!-- #post-## -->\r\n\t\t\t<\/div><!-- #post-## -->\r\n\t\t\r\n\t\t\t<div id=\"post-956\" class=\"news type-news wpnaw-blog-class has-date news-col-list\">\r\n\t\t\t\t<div class=\"news-inner-wrap-view news-clearfix \">\r\n\r\n\t\t\t\t\t\t\t\t\t\t<div class=\"news-thumb\">\r\n\t\t\t\t\t\t\t\t\t\t\t\t\t<div class=\"grid-news-thumb\">\r\n\t\t\t\t\t\t\t\t<a href=\"https:\/\/laretive.info\/?news=bibliographie-sur-la-plateforme\"><img loading=\"lazy\" decoding=\"async\" width=\"584\" height=\"457\" src=\"https:\/\/laretive.info\/wp-content\/uploads\/2018\/01\/BIBPlateforme-a-lencontre-revolution-russe-la-classe-ouvriere-et-lintelligentsia-iii.jpg\" class=\"attachment-medium_large size-medium_large wp-post-image\" alt=\"\" srcset=\"https:\/\/laretive.info\/wp-content\/uploads\/2018\/01\/BIBPlateforme-a-lencontre-revolution-russe-la-classe-ouvriere-et-lintelligentsia-iii.jpg 600w, https:\/\/laretive.info\/wp-content\/uploads\/2018\/01\/BIBPlateforme-a-lencontre-revolution-russe-la-classe-ouvriere-et-lintelligentsia-iii-300x235.jpg 300w, https:\/\/laretive.info\/wp-content\/uploads\/2018\/01\/BIBPlateforme-a-lencontre-revolution-russe-la-classe-ouvriere-et-lintelligentsia-iii-383x300.jpg 383w\" sizes=\"auto, (max-width: 584px) 100vw, 584px\" \/><\/a>\r\n\t\t\t\t\t\t\t<\/div>\r\n\t\t\t\t\t\t\t\t\t\t\t<\/div>\r\n\t\t\t\t\t\r\n\t\t\t\t\t<div class=\"news-content\">\r\n\t\t\t\t\t\t\t\t\t\t\t\t\t<div class=\"grid-date-post\">\r\n\t\t\t\t\t\t\t\t24 janvier 2018 \/ <a href=\"https:\/\/laretive.info\/?news-category=lutte-de-classes\">lutte de classes<\/a>\t\t\t\t\t\t\t<\/div>\r\n\t\t\t\t\t\t\r\n\t\t\t\t\t\t<div class=\"post-content-text\">\r\n\t\t\t\t\t\t\t<h3 class=\"news-title\"><a href=\"https:\/\/laretive.info\/?news=bibliographie-sur-la-plateforme\" rel=\"bookmark\">Bibliographie sur \u00ab\u00a0La Plateforme\u00a0\u00bb<\/a><\/h3>\t\t\t\t\t\t\t\t<div class=\"news-content-excerpt\">\r\n\t\t\t\t\t\t\t\t\t\t\t\t\t\t\t\t\t\t\t<div class=\"news-short-content\">\r\n\t\t\t\t\t\t\t\t\t\t\tBibliographie La Plateforme\t\t\t\t\t\t\t\t\t\t<\/div>\r\n\t\t\t\t\t\t\t\t\t\t<a href=\"https:\/\/laretive.info\/?news=bibliographie-sur-la-plateforme\" class=\"news-more-link\">En savoir plus<\/a>\r\n\t\t\t\t\t\t\t\t\t\t\t\t\t\t\t\t\t<\/div><!-- .entry-content -->\r\n\t\t\t\t\t\t\t\t\t\t\t\t\t<\/div>\r\n\t\t\t\t\t<\/div>\r\n\t\t\t\t<\/div><!-- #post-## -->\r\n\t\t\t<\/div><!-- #post-## -->\r\n\t\t\r\n\t\t\t<div id=\"post-952\" class=\"news type-news wpnaw-blog-class has-date news-col-list\">\r\n\t\t\t\t<div class=\"news-inner-wrap-view news-clearfix \">\r\n\r\n\t\t\t\t\t\t\t\t\t\t<div class=\"news-thumb\">\r\n\t\t\t\t\t\t\t\t\t\t\t\t\t<div class=\"grid-news-thumb\">\r\n\t\t\t\t\t\t\t\t<a href=\"https:\/\/laretive.info\/?news=bibliographie-makhnovtchina\"><img loading=\"lazy\" decoding=\"async\" width=\"584\" height=\"579\" src=\"https:\/\/laretive.info\/wp-content\/uploads\/2018\/01\/BIBMakhnovchina-Makhno1-768x762.jpeg\" class=\"attachment-medium_large size-medium_large wp-post-image\" alt=\"\" srcset=\"https:\/\/laretive.info\/wp-content\/uploads\/2018\/01\/BIBMakhnovchina-Makhno1-768x762.jpeg 768w, https:\/\/laretive.info\/wp-content\/uploads\/2018\/01\/BIBMakhnovchina-Makhno1-150x150.jpeg 150w, https:\/\/laretive.info\/wp-content\/uploads\/2018\/01\/BIBMakhnovchina-Makhno1-300x297.jpeg 300w, https:\/\/laretive.info\/wp-content\/uploads\/2018\/01\/BIBMakhnovchina-Makhno1-1024x1015.jpeg 1024w, https:\/\/laretive.info\/wp-content\/uploads\/2018\/01\/BIBMakhnovchina-Makhno1-303x300.jpeg 303w, https:\/\/laretive.info\/wp-content\/uploads\/2018\/01\/BIBMakhnovchina-Makhno1.jpeg 1536w\" sizes=\"auto, (max-width: 584px) 100vw, 584px\" \/><\/a>\r\n\t\t\t\t\t\t\t<\/div>\r\n\t\t\t\t\t\t\t\t\t\t\t<\/div>\r\n\t\t\t\t\t\r\n\t\t\t\t\t<div class=\"news-content\">\r\n\t\t\t\t\t\t\t\t\t\t\t\t\t<div class=\"grid-date-post\">\r\n\t\t\t\t\t\t\t\t24 janvier 2018\t\t\t\t\t\t\t<\/div>\r\n\t\t\t\t\t\t\r\n\t\t\t\t\t\t<div class=\"post-content-text\">\r\n\t\t\t\t\t\t\t<h3 class=\"news-title\"><a href=\"https:\/\/laretive.info\/?news=bibliographie-makhnovtchina\" rel=\"bookmark\">Bibliographie Makhnovtchina<\/a><\/h3>\t\t\t\t\t\t\t\t<div class=\"news-content-excerpt\">\r\n\t\t\t\t\t\t\t\t\t\t\t\t\t\t\t\t\t\t\t<div class=\"news-short-content\">\r\n\t\t\t\t\t\t\t\t\t\t\tBibliographie Makhnovtchina\t\t\t\t\t\t\t\t\t\t<\/div>\r\n\t\t\t\t\t\t\t\t\t\t<a href=\"https:\/\/laretive.info\/?news=bibliographie-makhnovtchina\" class=\"news-more-link\">En savoir plus<\/a>\r\n\t\t\t\t\t\t\t\t\t\t\t\t\t\t\t\t\t<\/div><!-- .entry-content -->\r\n\t\t\t\t\t\t\t\t\t\t\t\t\t<\/div>\r\n\t\t\t\t\t<\/div>\r\n\t\t\t\t<\/div><!-- #post-## -->\r\n\t\t\t<\/div><!-- #post-## -->\r\n\t\t\r\n\t\t\t<div id=\"post-915\" class=\"news type-news wpnaw-blog-class has-date news-col-list\">\r\n\t\t\t\t<div class=\"news-inner-wrap-view news-clearfix \">\r\n\r\n\t\t\t\t\t\t\t\t\t\t<div class=\"news-thumb\">\r\n\t\t\t\t\t\t\t\t\t\t\t\t\t<div class=\"grid-news-thumb\">\r\n\t\t\t\t\t\t\t\t<a href=\"https:\/\/laretive.info\/?news=bibliographie-sur-le-post-modernisme\"><img loading=\"lazy\" decoding=\"async\" width=\"584\" height=\"560\" src=\"https:\/\/laretive.info\/wp-content\/uploads\/2018\/01\/postmodernisme-768x736.jpg\" class=\"attachment-medium_large size-medium_large wp-post-image\" alt=\"\" srcset=\"https:\/\/laretive.info\/wp-content\/uploads\/2018\/01\/postmodernisme-768x736.jpg 768w, https:\/\/laretive.info\/wp-content\/uploads\/2018\/01\/postmodernisme-300x287.jpg 300w, https:\/\/laretive.info\/wp-content\/uploads\/2018\/01\/postmodernisme-1024x981.jpg 1024w, https:\/\/laretive.info\/wp-content\/uploads\/2018\/01\/postmodernisme-313x300.jpg 313w\" sizes=\"auto, (max-width: 584px) 100vw, 584px\" \/><\/a>\r\n\t\t\t\t\t\t\t<\/div>\r\n\t\t\t\t\t\t\t\t\t\t\t<\/div>\r\n\t\t\t\t\t\r\n\t\t\t\t\t<div class=\"news-content\">\r\n\t\t\t\t\t\t\t\t\t\t\t\t\t<div class=\"grid-date-post\">\r\n\t\t\t\t\t\t\t\t29 novembre 2017 \/ <a href=\"https:\/\/laretive.info\/?news-category=postmodernisme\">postmodernisme<\/a>\t\t\t\t\t\t\t<\/div>\r\n\t\t\t\t\t\t\r\n\t\t\t\t\t\t<div class=\"post-content-text\">\r\n\t\t\t\t\t\t\t<h3 class=\"news-title\"><a href=\"https:\/\/laretive.info\/?news=bibliographie-sur-le-post-modernisme\" rel=\"bookmark\">Bibliographie sur le post-modernisme<\/a><\/h3>\t\t\t\t\t\t\t\t<div class=\"news-content-excerpt\">\r\n\t\t\t\t\t\t\t\t\t\t\t\t\t\t\t\t\t\t\t<div class=\"news-short-content\">\r\n\t\t\t\t\t\t\t\t\t\t\tBibliographie sur le postmodernisme\t\t\t\t\t\t\t\t\t\t<\/div>\r\n\t\t\t\t\t\t\t\t\t\t<a href=\"https:\/\/laretive.info\/?news=bibliographie-sur-le-post-modernisme\" class=\"news-more-link\">En savoir plus<\/a>\r\n\t\t\t\t\t\t\t\t\t\t\t\t\t\t\t\t\t<\/div><!-- .entry-content -->\r\n\t\t\t\t\t\t\t\t\t\t\t\t\t<\/div>\r\n\t\t\t\t\t<\/div>\r\n\t\t\t\t<\/div><!-- #post-## -->\r\n\t\t\t<\/div><!-- #post-## -->\r\n\t\t\r\n\t\t\t<div id=\"post-889\" class=\"news type-news wpnaw-blog-class has-date news-col-list\">\r\n\t\t\t\t<div class=\"news-inner-wrap-view news-clearfix \">\r\n\r\n\t\t\t\t\t\t\t\t\t\t<div class=\"news-thumb\">\r\n\t\t\t\t\t\t\t\t\t\t\t\t\t<div class=\"grid-news-thumb\">\r\n\t\t\t\t\t\t\t\t<a href=\"https:\/\/laretive.info\/?news=plate-forme-dorganisation-de-lunion-generale-des-anarchistes\"><img loading=\"lazy\" decoding=\"async\" width=\"225\" height=\"300\" src=\"https:\/\/laretive.info\/wp-content\/uploads\/2018\/01\/Plateforme-archinov.jpg\" class=\"attachment-medium_large size-medium_large wp-post-image\" alt=\"\" \/><\/a>\r\n\t\t\t\t\t\t\t<\/div>\r\n\t\t\t\t\t\t\t\t\t\t\t<\/div>\r\n\t\t\t\t\t\r\n\t\t\t\t\t<div class=\"news-content\">\r\n\t\t\t\t\t\t\t\t\t\t\t\t\t<div class=\"grid-date-post\">\r\n\t\t\t\t\t\t\t\t7 novembre 2017\t\t\t\t\t\t\t<\/div>\r\n\t\t\t\t\t\t\r\n\t\t\t\t\t\t<div class=\"post-content-text\">\r\n\t\t\t\t\t\t\t<h3 class=\"news-title\"><a href=\"https:\/\/laretive.info\/?news=plate-forme-dorganisation-de-lunion-generale-des-anarchistes\" rel=\"bookmark\">Piotr Archinov, \u00ab\u00a0La plateforme\u00a0\u00bb<\/a><\/h3>\t\t\t\t\t\t\t\t<div class=\"news-content-excerpt\">\r\n\t\t\t\t\t\t\t\t\t\t\t\t\t\t\t\t\t\t\t<div class=\"news-short-content\">\r\n\t\t\t\t\t\t\t\t\t\t\tplateforme-organisation_de_l_uga\t\t\t\t\t\t\t\t\t\t<\/div>\r\n\t\t\t\t\t\t\t\t\t\t<a href=\"https:\/\/laretive.info\/?news=plate-forme-dorganisation-de-lunion-generale-des-anarchistes\" class=\"news-more-link\">En savoir plus<\/a>\r\n\t\t\t\t\t\t\t\t\t\t\t\t\t\t\t\t\t<\/div><!-- .entry-content -->\r\n\t\t\t\t\t\t\t\t\t\t\t\t\t<\/div>\r\n\t\t\t\t\t<\/div>\r\n\t\t\t\t<\/div><!-- #post-## -->\r\n\t\t\t<\/div><!-- #post-## -->\r\n\t\t\r\n\t\t\t<div id=\"post-888\" class=\"news type-news wpnaw-blog-class has-date news-col-list\">\r\n\t\t\t\t<div class=\"news-inner-wrap-view news-clearfix \">\r\n\r\n\t\t\t\t\t\t\t\t\t\t<div class=\"news-thumb\">\r\n\t\t\t\t\t\t\t\t\t\t\t\t\t<div class=\"grid-news-thumb\">\r\n\t\t\t\t\t\t\t\t<a href=\"https:\/\/laretive.info\/?news=mattick-organisation-et-spontaneite\"><img loading=\"lazy\" decoding=\"async\" width=\"400\" height=\"543\" src=\"https:\/\/laretive.info\/wp-content\/uploads\/2017\/11\/mattick.jpg\" class=\"attachment-medium_large size-medium_large wp-post-image\" alt=\"\" srcset=\"https:\/\/laretive.info\/wp-content\/uploads\/2017\/11\/mattick.jpg 400w, https:\/\/laretive.info\/wp-content\/uploads\/2017\/11\/mattick-221x300.jpg 221w\" sizes=\"auto, (max-width: 400px) 100vw, 400px\" \/><\/a>\r\n\t\t\t\t\t\t\t<\/div>\r\n\t\t\t\t\t\t\t\t\t\t\t<\/div>\r\n\t\t\t\t\t\r\n\t\t\t\t\t<div class=\"news-content\">\r\n\t\t\t\t\t\t\t\t\t\t\t\t\t<div class=\"grid-date-post\">\r\n\t\t\t\t\t\t\t\t7 novembre 2017 \/ <a href=\"https:\/\/laretive.info\/?news-category=lutte-de-classes\">lutte de classes<\/a>\t\t\t\t\t\t\t<\/div>\r\n\t\t\t\t\t\t\r\n\t\t\t\t\t\t<div class=\"post-content-text\">\r\n\t\t\t\t\t\t\t<h3 class=\"news-title\"><a href=\"https:\/\/laretive.info\/?news=mattick-organisation-et-spontaneite\" rel=\"bookmark\">Paul Mattick, \u00ab\u00a0Organisation et spontan\u00e9it\u00e9\u00a0\u00bb<\/a><\/h3>\t\t\t\t\t\t\t\t<div class=\"news-content-excerpt\">\r\n\t\t\t\t\t\t\t\t\t\t\t\t\t\t\t\t\t\t\t<div class=\"news-short-content\">\r\n\t\t\t\t\t\t\t\t\t\t\tPaul Mattick, Organisation et spontan\u00e9it\u00e9, 1949 OrganisationetSpontan\u00e9it\u00e9\t\t\t\t\t\t\t\t\t\t<\/div>\r\n\t\t\t\t\t\t\t\t\t\t<a href=\"https:\/\/laretive.info\/?news=mattick-organisation-et-spontaneite\" class=\"news-more-link\">En savoir plus<\/a>\r\n\t\t\t\t\t\t\t\t\t\t\t\t\t\t\t\t\t<\/div><!-- .entry-content -->\r\n\t\t\t\t\t\t\t\t\t\t\t\t\t<\/div>\r\n\t\t\t\t\t<\/div>\r\n\t\t\t\t<\/div><!-- #post-## -->\r\n\t\t\t<\/div><!-- #post-## -->\r\n\t\t\r\n\t\t\t<div id=\"post-887\" class=\"news type-news wpnaw-blog-class has-date news-col-list\">\r\n\t\t\t\t<div class=\"news-inner-wrap-view news-clearfix \">\r\n\r\n\t\t\t\t\t\t\t\t\t\t<div class=\"news-thumb\">\r\n\t\t\t\t\t\t\t\t\t\t\t\t\t<div class=\"grid-news-thumb\">\r\n\t\t\t\t\t\t\t\t<a href=\"https:\/\/laretive.info\/?news=bibliographie-sur-lorganisation\"><img loading=\"lazy\" decoding=\"async\" width=\"406\" height=\"620\" src=\"https:\/\/laretive.info\/wp-content\/uploads\/2017\/11\/BIBorganisation-Emancipation.jpeg\" class=\"attachment-medium_large size-medium_large wp-post-image\" alt=\"\" srcset=\"https:\/\/laretive.info\/wp-content\/uploads\/2017\/11\/BIBorganisation-Emancipation.jpeg 406w, https:\/\/laretive.info\/wp-content\/uploads\/2017\/11\/BIBorganisation-Emancipation-196x300.jpeg 196w\" sizes=\"auto, (max-width: 406px) 100vw, 406px\" \/><\/a>\r\n\t\t\t\t\t\t\t<\/div>\r\n\t\t\t\t\t\t\t\t\t\t\t<\/div>\r\n\t\t\t\t\t\r\n\t\t\t\t\t<div class=\"news-content\">\r\n\t\t\t\t\t\t\t\t\t\t\t\t\t<div class=\"grid-date-post\">\r\n\t\t\t\t\t\t\t\t7 novembre 2017 \/ <a href=\"https:\/\/laretive.info\/?news-category=lutte-de-classes\">lutte de classes<\/a>\t\t\t\t\t\t\t<\/div>\r\n\t\t\t\t\t\t\r\n\t\t\t\t\t\t<div class=\"post-content-text\">\r\n\t\t\t\t\t\t\t<h3 class=\"news-title\"><a href=\"https:\/\/laretive.info\/?news=bibliographie-sur-lorganisation\" rel=\"bookmark\">Bibliographie sur l&rsquo;organisation<\/a><\/h3>\t\t\t\t\t\t\t\t<div class=\"news-content-excerpt\">\r\n\t\t\t\t\t\t\t\t\t\t\t\t\t\t\t\t\t\t\t<div class=\"news-short-content\">\r\n\t\t\t\t\t\t\t\t\t\t\tBibliographie (en construction) du groupe de lecture : \u00ab La question de l'organisation \u00bb Les textes en gras sont ceux...\t\t\t\t\t\t\t\t\t\t<\/div>\r\n\t\t\t\t\t\t\t\t\t\t<a href=\"https:\/\/laretive.info\/?news=bibliographie-sur-lorganisation\" class=\"news-more-link\">En savoir plus<\/a>\r\n\t\t\t\t\t\t\t\t\t\t\t\t\t\t\t\t\t<\/div><!-- .entry-content -->\r\n\t\t\t\t\t\t\t\t\t\t\t\t\t<\/div>\r\n\t\t\t\t\t<\/div>\r\n\t\t\t\t<\/div><!-- #post-## -->\r\n\t\t\t<\/div><!-- #post-## -->\r\n\t\t\r\n\t\t\t<div id=\"post-818\" class=\"news type-news wpnaw-blog-class has-date news-col-list\">\r\n\t\t\t\t<div class=\"news-inner-wrap-view news-clearfix \">\r\n\r\n\t\t\t\t\t\t\t\t\t\t<div class=\"news-thumb\">\r\n\t\t\t\t\t\t\t\t\t\t\t\t\t<div class=\"grid-news-thumb\">\r\n\t\t\t\t\t\t\t\t<a href=\"https:\/\/laretive.info\/?news=negatif\"><img loading=\"lazy\" decoding=\"async\" width=\"584\" height=\"454\" src=\"https:\/\/laretive.info\/wp-content\/uploads\/2017\/08\/crash-batiment.png\" class=\"attachment-medium_large size-medium_large wp-post-image\" alt=\"\" srcset=\"https:\/\/laretive.info\/wp-content\/uploads\/2017\/08\/crash-batiment.png 678w, https:\/\/laretive.info\/wp-content\/uploads\/2017\/08\/crash-batiment-300x233.png 300w, https:\/\/laretive.info\/wp-content\/uploads\/2017\/08\/crash-batiment-386x300.png 386w\" sizes=\"auto, (max-width: 584px) 100vw, 584px\" \/><\/a>\r\n\t\t\t\t\t\t\t<\/div>\r\n\t\t\t\t\t\t\t\t\t\t\t<\/div>\r\n\t\t\t\t\t\r\n\t\t\t\t\t<div class=\"news-content\">\r\n\t\t\t\t\t\t\t\t\t\t\t\t\t<div class=\"grid-date-post\">\r\n\t\t\t\t\t\t\t\t30 ao\u00fbt 2017 \/ <a href=\"https:\/\/laretive.info\/?news-category=lutte-de-classes\">lutte de classes<\/a>, <a href=\"https:\/\/laretive.info\/?news-category=postcolonialisme\">postcolonialisme<\/a>, <a href=\"https:\/\/laretive.info\/?news-category=postmodernisme\">postmodernisme<\/a>\t\t\t\t\t\t\t<\/div>\r\n\t\t\t\t\t\t\r\n\t\t\t\t\t\t<div class=\"post-content-text\">\r\n\t\t\t\t\t\t\t<h3 class=\"news-title\"><a href=\"https:\/\/laretive.info\/?news=negatif\" rel=\"bookmark\">Sandra C., \u00ab\u00a0Le postmodernisme ne casse pas des briques\u00a0\u00bb<\/a><\/h3>\t\t\t\t\t\t\t\t<div class=\"news-content-excerpt\">\r\n\t\t\t\t\t\t\t\t\t\t\t\t\t\t\t\t\t\t\t<div class=\"news-short-content\">\r\n\t\t\t\t\t\t\t\t\t\t\tLe bulletin n\u00b024 de la revue N\u00e9gatif Un texte de Sandra C., dont un bref extrait est donn\u00e9 ci-dessous, reprend...\t\t\t\t\t\t\t\t\t\t<\/div>\r\n\t\t\t\t\t\t\t\t\t\t<a href=\"https:\/\/laretive.info\/?news=negatif\" class=\"news-more-link\">En savoir plus<\/a>\r\n\t\t\t\t\t\t\t\t\t\t\t\t\t\t\t\t\t<\/div><!-- .entry-content -->\r\n\t\t\t\t\t\t\t\t\t\t\t\t\t<\/div>\r\n\t\t\t\t\t<\/div>\r\n\t\t\t\t<\/div><!-- #post-## -->\r\n\t\t\t<\/div><!-- #post-## -->\r\n\t\t\r\n\t\t\t<div id=\"post-715\" class=\"news type-news wpnaw-blog-class has-date news-col-list wpnaw-last\">\r\n\t\t\t\t<div class=\"news-inner-wrap-view news-clearfix \">\r\n\r\n\t\t\t\t\t\t\t\t\t\t<div class=\"news-thumb\">\r\n\t\t\t\t\t\t\t\t\t\t\t\t\t<div class=\"grid-news-thumb\">\r\n\t\t\t\t\t\t\t\t<a href=\"https:\/\/laretive.info\/?news=la-gloire-de-nos-meres\"><img loading=\"lazy\" decoding=\"async\" width=\"583\" height=\"826\" src=\"https:\/\/laretive.info\/wp-content\/uploads\/2016\/12\/couv-la-gloire-de-nos-meres.jpg\" class=\"attachment-medium_large size-medium_large wp-post-image\" alt=\"\" srcset=\"https:\/\/laretive.info\/wp-content\/uploads\/2016\/12\/couv-la-gloire-de-nos-meres.jpg 583w, https:\/\/laretive.info\/wp-content\/uploads\/2016\/12\/couv-la-gloire-de-nos-meres-212x300.jpg 212w\" sizes=\"auto, (max-width: 583px) 100vw, 583px\" \/><\/a>\r\n\t\t\t\t\t\t\t<\/div>\r\n\t\t\t\t\t\t\t\t\t\t\t<\/div>\r\n\t\t\t\t\t\r\n\t\t\t\t\t<div class=\"news-content\">\r\n\t\t\t\t\t\t\t\t\t\t\t\t\t<div class=\"grid-date-post\">\r\n\t\t\t\t\t\t\t\t13 d\u00e9cembre 2016\t\t\t\t\t\t\t<\/div>\r\n\t\t\t\t\t\t\r\n\t\t\t\t\t\t<div class=\"post-content-text\">\r\n\t\t\t\t\t\t\t<h3 class=\"news-title\"><a href=\"https:\/\/laretive.info\/?news=la-gloire-de-nos-meres\" rel=\"bookmark\">Joseph Kacem, \u00ab\u00a0La gloire de nos m\u00e8res\u00a0\u00bb<\/a><\/h3>\t\t\t\t\t\t\t\t<div class=\"news-content-excerpt\">\r\n\t\t\t\t\t\t\t\t\t\t\t\t\t\t\t\t\t\t\t<div class=\"news-short-content\">\r\n\t\t\t\t\t\t\t\t\t\t\tJoseph Kacem, La gloire de nos m\u00e8res. Roman noir virant au brun, pr\u00e9face originale de Serge Quadruppani. Dans La gloire...\t\t\t\t\t\t\t\t\t\t<\/div>\r\n\t\t\t\t\t\t\t\t\t\t<a href=\"https:\/\/laretive.info\/?news=la-gloire-de-nos-meres\" class=\"news-more-link\">En savoir plus<\/a>\r\n\t\t\t\t\t\t\t\t\t\t\t\t\t\t\t\t\t<\/div><!-- .entry-content -->\r\n\t\t\t\t\t\t\t\t\t\t\t\t\t<\/div>\r\n\t\t\t\t\t<\/div>\r\n\t\t\t\t<\/div><!-- #post-## -->\r\n\t\t\t<\/div><!-- #post-## -->\r\n\t\t\t\t\t<div class=\"news_pagination wpnw-numeric\">\r\n\t\t\t\t<span aria-current=\"page\" class=\"page-numbers current\">1<\/span>\n<a class=\"page-numbers\" href=\"https:\/\/laretive.info\/index.php?rest_route=%2Fwp%2Fv2%2Fpages%2F848&#038;paged=2#wpnw-news-1\">2<\/a>\n<a class=\"next page-numbers\" href=\"https:\/\/laretive.info\/index.php?rest_route=%2Fwp%2Fv2%2Fpages%2F848&#038;paged=2#wpnw-news-1\">Suivante &raquo;<\/a>\t\t\t<\/div>\r\n\t\t\t<\/div>\r\n\r\n\t\n","protected":false},"excerpt":{"rendered":"","protected":false},"author":2,"featured_media":0,"parent":0,"menu_order":0,"comment_status":"closed","ping_status":"closed","template":"","meta":{"footnotes":""},"class_list":["post-848","page","type-page","status-publish","hentry"],"_links":{"self":[{"href":"https:\/\/laretive.info\/index.php?rest_route=\/wp\/v2\/pages\/848","targetHints":{"allow":["GET"]}}],"collection":[{"href":"https:\/\/laretive.info\/index.php?rest_route=\/wp\/v2\/pages"}],"about":[{"href":"https:\/\/laretive.info\/index.php?rest_route=\/wp\/v2\/types\/page"}],"author":[{"embeddable":true,"href":"https:\/\/laretive.info\/index.php?rest_route=\/wp\/v2\/users\/2"}],"replies":[{"embeddable":true,"href":"https:\/\/laretive.info\/index.php?rest_route=%2Fwp%2Fv2%2Fcomments&post=848"}],"version-history":[{"count":2,"href":"https:\/\/laretive.info\/index.php?rest_route=\/wp\/v2\/pages\/848\/revisions"}],"predecessor-version":[{"id":851,"href":"https:\/\/laretive.info\/index.php?rest_route=\/wp\/v2\/pages\/848\/revisions\/851"}],"wp:attachment":[{"href":"https:\/\/laretive.info\/index.php?rest_route=%2Fwp%2Fv2%2Fmedia&parent=848"}],"curies":[{"name":"wp","href":"https:\/\/api.w.org\/{rel}","templated":true}]}}