{"id":864,"date":"2017-10-21T11:29:03","date_gmt":"2017-10-21T09:29:03","guid":{"rendered":"https:\/\/laretive.info\/?page_id=864"},"modified":"2017-10-21T11:29:03","modified_gmt":"2017-10-21T09:29:03","slug":"septembre-2017","status":"publish","type":"page","link":"https:\/\/laretive.info\/?page_id=864","title":{"rendered":"Septembre 2017"},"content":{"rendered":"\n\n\t<ul  class=\"eo-events eo-events-shortcode\" > \n\n\t\t\n\t\t\t\n\t\t\t<li class=\"eo-event-past eo-all-day\" >\n\t\t\t\t<a href=\"https:\/\/laretive.info\/?event=soiree-de-soutien-a-un-centre-de-documentation-libertaire-projection-de-busqueda-piquetera\">Soir\u00e9e de soutien \u00e0 FEMME, centre de documentation libertaire &#8212; projection de BUSQUEDA PIQUETERA<\/a> le 16 septembre 2017\t\t\t<\/li>\n\n\t\t\n\t\t\t\n\t\t\t<li class=\"eo-event-cat-cours-de-francais eo-event-past eo-all-day\" >\n\t\t\t\t<a href=\"https:\/\/laretive.info\/?event=journee-dinscription-aux-cours-de-francais-2\">Journ\u00e9e d&rsquo;inscription aux cours de fran\u00e7ais<\/a> le 20 septembre 2017\t\t\t<\/li>\n\n\t\t\n\t\t\t\n\t\t\t<li class=\"eo-event-cat-exploites-enerves eo-event-cat-luttes-sociales eo-event-past\" >\n\t\t\t\t<a href=\"https:\/\/laretive.info\/?event=reunion-publique-exploites-enerves\">R\u00e9union publique Exploit\u00e9s \u00e9nerv\u00e9s<\/a> le 22 septembre 2017 19h30\t\t\t<\/li>\n\n\t\t\n\t\t\t\n\t\t\t<li class=\"eo-event-cat-cine-club eo-event-past eo-all-day\" >\n\t\t\t\t<a href=\"https:\/\/laretive.info\/?event=cine-club-la-loi-du-marche\">Cin\u00e9-club : la loi du march\u00e9<\/a> le 29 septembre 2017\t\t\t<\/li>\n\n\t\t\n\t\t\t\n\t\t\t<li class=\"eo-event-cat-cantines eo-event-past\" >\n\t\t\t\t<a href=\"https:\/\/laretive.info\/?event=cantine-sans-frontieres-3\">Cantine sans fronti\u00e8res: Repas Albanais<\/a> le 30 septembre 2017 12h30\t\t\t<\/li>\n\n\t\t\n\t<\/ul>\n\n\n","protected":false},"excerpt":{"rendered":"","protected":false},"author":2,"featured_media":0,"parent":779,"menu_order":0,"comment_status":"closed","ping_status":"closed","template":"","meta":{"footnotes":""},"class_list":["post-864","page","type-page","status-publish","hentry"],"_links":{"self":[{"href":"https:\/\/laretive.info\/index.php?rest_route=\/wp\/v2\/pages\/864","targetHints":{"allow":["GET"]}}],"collection":[{"href":"https:\/\/laretive.info\/index.php?rest_route=\/wp\/v2\/pages"}],"about":[{"href":"https:\/\/laretive.info\/index.php?rest_route=\/wp\/v2\/types\/page"}],"author":[{"embeddable":true,"href":"https:\/\/laretive.info\/index.php?rest_route=\/wp\/v2\/users\/2"}],"replies":[{"embeddable":true,"href":"https:\/\/laretive.info\/index.php?rest_route=%2Fwp%2Fv2%2Fcomments&post=864"}],"version-history":[{"count":1,"href":"https:\/\/laretive.info\/index.php?rest_route=\/wp\/v2\/pages\/864\/revisions"}],"predecessor-version":[{"id":865,"href":"https:\/\/laretive.info\/index.php?rest_route=\/wp\/v2\/pages\/864\/revisions\/865"}],"up":[{"embeddable":true,"href":"https:\/\/laretive.info\/index.php?rest_route=\/wp\/v2\/pages\/779"}],"wp:attachment":[{"href":"https:\/\/laretive.info\/index.php?rest_route=%2Fwp%2Fv2%2Fmedia&parent=864"}],"curies":[{"name":"wp","href":"https:\/\/api.w.org\/{rel}","templated":true}]}}